{"id":817,"date":"2025-08-07T12:40:39","date_gmt":"2025-08-07T10:40:39","guid":{"rendered":"https:\/\/www.schultermine.de\/?page_id=817"},"modified":"2025-08-07T12:40:39","modified_gmt":"2025-08-07T10:40:39","slug":"ethik","status":"publish","type":"page","link":"https:\/\/www.schultermine.de\/index.php\/ethik\/","title":{"rendered":"Ethik"},"content":{"rendered":"[et_pb_section fb_built=&#8220;1&#8243; admin_label=&#8220;section&#8220; _builder_version=&#8220;4.16&#8243; global_colors_info=&#8220;{}&#8220; locked=&#8220;off&#8220; theme_builder_area=&#8220;post_content&#8220;][et_pb_row admin_label=&#8220;row&#8220; _builder_version=&#8220;4.16&#8243; background_size=&#8220;initial&#8220; background_position=&#8220;top_left&#8220; background_repeat=&#8220;repeat&#8220; hover_enabled=&#8220;0&#8243; global_colors_info=&#8220;{}&#8220; sticky_enabled=&#8220;0&#8243; theme_builder_area=&#8220;post_content&#8220;][et_pb_column type=&#8220;4_4&#8243; _builder_version=&#8220;4.16&#8243; custom_padding=&#8220;|||&#8220; global_colors_info=&#8220;{}&#8220; custom_padding__hover=&#8220;|||&#8220; theme_builder_area=&#8220;post_content&#8220;][et_pb_text admin_label=&#8220;Text&#8220; _builder_version=&#8220;4.27.4&#8243; background_size=&#8220;initial&#8220; background_position=&#8220;top_left&#8220; background_repeat=&#8220;repeat&#8220; hover_enabled=&#8220;0&#8243; global_colors_info=&#8220;{}&#8220; sticky_enabled=&#8220;0&#8243; theme_builder_area=&#8220;post_content&#8220;]<p><span style=\"color: #2ea3f2; font-family: 'Exo 2', sans-serif; font-size: 45px; letter-spacing: -1px;\">Richtlinie gegen sexuellen Missbrauch und sexuelle Ausbeutung von Kindern<\/span><\/p>\n<p>schultermine.de verpflichtet sich, den Schutz von Kindern und Jugendlichen zu gew\u00e4hrleisten und jegliche Form von sexuellen Missbrauch und sexueller Ausbeutung entschieden zu verhindern. Wir dulden keine Inhalte, die Kinder in irgendeiner Weise gef\u00e4hrden, ausbeuten oder missbrauchen.<\/p>\n<h2>Geltungsbereich der Richtlinie<\/h2>\n<p>Diese Richtlinie gilt f\u00fcr:<\/p>\n<p>&#8211; Alle Nutzer der App: Unabh\u00e4ngig davon, ob es sich um Einzelpersonen, Unternehmen oder Organisationen handelt.<br \/>&#8211; Alle Inhalte, die \u00fcber die App verarbeitet, gespeichert oder geteilt werden k\u00f6nnen.<br \/>&#8211; Alle Mitarbeitenden der schultermine Plattform sowie Partnerunternehmen.<\/p>\n<h2>Verbotene Inhalte<\/h2>\n<p>Es ist strikt untersagt, die App f\u00fcr jegliche Zwecke zu nutzen, die mit der sexuellen Ausbeutung, dem Missbrauch oder der Gef\u00e4hrdung von Kindern in Verbindung stehen. Dies umfasst unter anderem:<\/p>\n<p>&#8211; Die Erstellung, Speicherung oder Verbreitung von Inhalten, die Kindesmissbrauch darstellen (auch bekannt als \u201eChild Sexual Abuse Material\u201c, CSAM).<\/p>\n<p>&#8211; Texte oder Inhalte, die den sexuellen Missbrauch oder die Ausbeutung von Kindern f\u00f6rdern, beschreiben oder in irgendeiner Form darstellen.<\/p>\n<p>&#8211; Grooming und andere Formen der Kontaktaufnahme zu Kindern mit der Absicht, sie sexuell auszubeuten. Dies gilt auch f\u00fcr Interaktionen, die \u00fcber Funktionen der App m\u00f6glich sind.<\/p>\n<p>&#8211; Jegliche Nutzung der App oder ihrer Datenverarbeitung zur Erpressung von Kindern.<\/p>\n<p>&#8211; Handel oder kommerzielle Aktivit\u00e4ten, die darauf abzielen, Kinder sexuell auszubeuten.<\/p>\n<h2>Ma\u00dfnahmen zur Durchsetzung<\/h2>\n<p>Obwohl wir keine Inhaltsmoderation durchf\u00fchren und keine Altersverifikation verlangen, setzen wir auf die Verantwortung jedes einzelnen Nutzers, diese Richtlinien strikt einzuhalten.<\/p>\n<p>Vergehen gegen diese Regeln f\u00fchren zu einer sofortigen Sperrung des Kontos und gegebenenfalls einer Meldung an die zust\u00e4ndigen Beh\u00f6rden.<\/p>\n<p>Alle Nutzer, Mitarbeitenden und Partnerunternehmen k\u00f6nnen verd\u00e4chtige Aktivit\u00e4ten oder Inhalte \u00fcber eine dedizierte E-Mail-Adresse: ethik\uff20schultermine.de melden.<\/p>\n<p>&nbsp;<\/p>\n<p><\/p>[\/et_pb_text][\/et_pb_column][\/et_pb_row][\/et_pb_section]<!-- \/wp:post-content -->","protected":false},"excerpt":{"rendered":"<p>Richtlinie gegen sexuellen Missbrauch und sexuelle Ausbeutung von Kindern schultermine.de verpflichtet sich, den Schutz von Kindern und Jugendlichen zu gew\u00e4hrleisten und jegliche Form von sexuellen Missbrauch und sexueller Ausbeutung entschieden zu verhindern. Wir dulden keine Inhalte, die Kinder in irgendeiner Weise gef\u00e4hrden, ausbeuten oder missbrauchen. Geltungsbereich der Richtlinie Diese Richtlinie gilt f\u00fcr: &#8211; Alle Nutzer [&hellip;]<\/p>\n","protected":false},"author":2962,"featured_media":0,"parent":0,"menu_order":0,"comment_status":"closed","ping_status":"closed","template":"","meta":{"_et_pb_use_builder":"on","_et_pb_old_content":"","_et_gb_content_width":"","footnotes":""},"class_list":["post-817","page","type-page","status-publish","hentry"],"_links":{"self":[{"href":"https:\/\/www.schultermine.de\/index.php\/wp-json\/wp\/v2\/pages\/817","targetHints":{"allow":["GET"]}}],"collection":[{"href":"https:\/\/www.schultermine.de\/index.php\/wp-json\/wp\/v2\/pages"}],"about":[{"href":"https:\/\/www.schultermine.de\/index.php\/wp-json\/wp\/v2\/types\/page"}],"author":[{"embeddable":true,"href":"https:\/\/www.schultermine.de\/index.php\/wp-json\/wp\/v2\/users\/2962"}],"replies":[{"embeddable":true,"href":"https:\/\/www.schultermine.de\/index.php\/wp-json\/wp\/v2\/comments?post=817"}],"version-history":[{"count":3,"href":"https:\/\/www.schultermine.de\/index.php\/wp-json\/wp\/v2\/pages\/817\/revisions"}],"predecessor-version":[{"id":822,"href":"https:\/\/www.schultermine.de\/index.php\/wp-json\/wp\/v2\/pages\/817\/revisions\/822"}],"wp:attachment":[{"href":"https:\/\/www.schultermine.de\/index.php\/wp-json\/wp\/v2\/media?parent=817"}],"curies":[{"name":"wp","href":"https:\/\/api.w.org\/{rel}","templated":true}]}}